{"id":45,"date":"2024-12-20T14:04:28","date_gmt":"2024-12-20T14:04:28","guid":{"rendered":"http:\/\/localhost:8010\/?page_id=45"},"modified":"2025-03-11T12:13:04","modified_gmt":"2025-03-11T11:13:04","slug":"about","status":"publish","type":"page","link":"https:\/\/najahentrepreneurs.ma\/ar\/about\/","title":{"rendered":"\u0645\u0646 \u0646\u062d\u0646"},"content":{"rendered":"<div data-elementor-type=\"wp-page\" data-elementor-id=\"45\" class=\"elementor elementor-45\" data-elementor-post-type=\"page\">\n\t\t\t\t<div class=\"elementor-element elementor-element-2da27fb e-con-full e-flex e-con e-parent\" data-id=\"2da27fb\" data-element_type=\"container\">\n\t\t\t\t<div class=\"elementor-element elementor-element-04f42f1 elementor-widget elementor-widget-image\" data-id=\"04f42f1\" data-element_type=\"widget\" data-widget_type=\"image.default\">\n\t\t\t\t<div class=\"elementor-widget-container\">\n\t\t\t\t\t\t\t\t\t\t\t\t\t\t\t\t<a href=\"https:\/\/najahentrepreneurs.ma\/ar\">\n\t\t\t\t\t\t\t<img fetchpriority=\"high\" decoding=\"async\" width=\"3254\" height=\"1027\" src=\"https:\/\/najahentrepreneurs.ma\/wp-content\/uploads\/2024\/12\/Fichier-1@4x-1.png\" class=\"attachment-full size-full wp-image-138\" alt=\"\" srcset=\"https:\/\/najahentrepreneurs.ma\/wp-content\/uploads\/2024\/12\/Fichier-1@4x-1.png 3254w, https:\/\/najahentrepreneurs.ma\/wp-content\/uploads\/2024\/12\/Fichier-1@4x-1-300x95.png 300w, https:\/\/najahentrepreneurs.ma\/wp-content\/uploads\/2024\/12\/Fichier-1@4x-1-1024x323.png 1024w, https:\/\/najahentrepreneurs.ma\/wp-content\/uploads\/2024\/12\/Fichier-1@4x-1-768x242.png 768w, https:\/\/najahentrepreneurs.ma\/wp-content\/uploads\/2024\/12\/Fichier-1@4x-1-1536x485.png 1536w, https:\/\/najahentrepreneurs.ma\/wp-content\/uploads\/2024\/12\/Fichier-1@4x-1-2048x646.png 2048w\" sizes=\"(max-width: 3254px) 100vw, 3254px\" \/>\t\t\t\t\t\t\t\t<\/a>\n\t\t\t\t\t\t\t\t\t\t\t\t\t\t\t<\/div>\n\t\t\t\t<\/div>\n\t\t\t\t<\/div>\n\t\t<div class=\"elementor-element elementor-element-f891923 e-flex e-con-boxed e-con e-parent\" data-id=\"f891923\" data-element_type=\"container\">\n\t\t\t\t\t<div class=\"e-con-inner\">\n\t\t\t\t<div class=\"elementor-element elementor-element-546282e elementor-widget-divider--view-line elementor-widget elementor-widget-divider\" data-id=\"546282e\" data-element_type=\"widget\" data-widget_type=\"divider.default\">\n\t\t\t\t<div class=\"elementor-widget-container\">\n\t\t\t\t\t\t\t<div class=\"elementor-divider\">\n\t\t\t<span class=\"elementor-divider-separator\">\n\t\t\t\t\t\t<\/span>\n\t\t<\/div>\n\t\t\t\t\t\t<\/div>\n\t\t\t\t<\/div>\n\t\t\t\t\t<\/div>\n\t\t\t\t<\/div>\n\t\t<div class=\"elementor-element elementor-element-099c5d0 e-flex e-con-boxed e-con e-parent\" data-id=\"099c5d0\" data-element_type=\"container\">\n\t\t\t\t\t<div class=\"e-con-inner\">\n\t\t<div class=\"elementor-element elementor-element-703ed1e e-con-full e-flex e-con e-child\" data-id=\"703ed1e\" data-element_type=\"container\">\n\t\t\t\t<div class=\"elementor-element elementor-element-62d90a0 elementor-widget elementor-widget-heading\" data-id=\"62d90a0\" data-element_type=\"widget\" data-widget_type=\"heading.default\">\n\t\t\t\t<div class=\"elementor-widget-container\">\n\t\t\t\t\t<h2 class=\"elementor-heading-title elementor-size-default\">\u0645\u0646 \u0646\u062d\u0646<\/h2>\t\t\t\t<\/div>\n\t\t\t\t<\/div>\n\t\t\t\t<div class=\"elementor-element elementor-element-3770dc4 elementor-widget__width-inherit elementor-view-default elementor-widget elementor-widget-icon\" data-id=\"3770dc4\" data-element_type=\"widget\" data-widget_type=\"icon.default\">\n\t\t\t\t<div class=\"elementor-widget-container\">\n\t\t\t\t\t\t\t<div class=\"elementor-icon-wrapper\">\n\t\t\t<div class=\"elementor-icon\">\n\t\t\t<svg aria-hidden=\"true\" class=\"e-font-icon-svg e-fas-grip-lines\" viewbox=\"0 0 512 512\" xmlns=\"http:\/\/www.w3.org\/2000\/svg\"><path d=\"M496 288H16c-8.8 0-16 7.2-16 16v32c0 8.8 7.2 16 16 16h480c8.8 0 16-7.2 16-16v-32c0-8.8-7.2-16-16-16zm0-128H16c-8.8 0-16 7.2-16 16v32c0 8.8 7.2 16 16 16h480c8.8 0 16-7.2 16-16v-32c0-8.8-7.2-16-16-16z\"><\/path><\/svg>\t\t\t<\/div>\n\t\t<\/div>\n\t\t\t\t\t\t<\/div>\n\t\t\t\t<\/div>\n\t\t\t\t<div class=\"elementor-element elementor-element-b16731c elementor-widget elementor-widget-text-editor\" data-id=\"b16731c\" data-element_type=\"widget\" data-widget_type=\"text-editor.default\">\n\t\t\t\t<div class=\"elementor-widget-container\">\n\t\t\t\t\t\t\t\t\t<p class=\"translation-block\">\u0645\u0646\u0635\u0629 \u00ab \u0646\u062c\u0627\u062d \u0627\u0644\u0645\u0642\u0627\u0648\u0644 \u00bb \u0647\u064a \u062b\u0645\u0631\u0629 \u0634\u0631\u0627\u0643\u0629 \u0625\u0633\u062a\u0631\u0627\u062a\u064a\u062c\u064a\u0629 \u0628\u064a\u0646 \u0648\u0644\u0627\u064a\u0629 \u062c\u0647\u0629 \u062f\u0631\u0639\u0629-\u062a\u0627\u0641\u064a\u0644\u0627\u0644\u062a\u060c \u0645\u062c\u0644\u0633 \u0627\u0644\u062c\u0647\u0629\u060c \u0648\u0627\u0644\u0645\u0631\u0643\u0632 \u0627\u0644\u062c\u0647\u0648\u064a\n\u0644\u0644\u0627\u0633\u062a\u062b\u0645\u0627\u0631 \u0628\u062f\u0631\u0639\u0629-\u062a\u0627\u0641\u064a\u0644\u0627\u0644\u062a\u060c \u0628\u0627\u0644\u0625\u0636\u0627\u0641\u0629 \u0625\u0644\u0649 \u0627\u0644\u0641\u0627\u0639\u0644\u064a\u0646 \u0627\u0644\u0631\u0626\u064a\u0633\u064a\u064a\u0646 \u0641\u064a \u0645\u0646\u0638\u0648\u0645\u0629 \u0631\u064a\u0627\u062f\u0629 \u0627\u0644\u0623\u0639\u0645\u0627\u0644 \u0627\u0644\u0625\u0642\u0644\u064a\u0645\u064a\u0629. \u0628\u0641\u0636\u0644 \u0627\u0646\u062e\u0631\u0627\u0637 \u0647\u0624\u0644\u0627\u0621 \u0627\u0644\u0634\u0631\u0643\u0627\u0621\u060c\n\u0646\u0648\u0641\u0631 \u0644\u0631\u0648\u0627\u062f \u0627\u0644\u0623\u0639\u0645\u0627\u0644 \u062f\u0639\u0645\u064b\u0627 \u0634\u0627\u0645\u0644\u0627\u064b\u060c \u064a\u0634\u0645\u0644 \u0627\u0633\u062a\u0634\u0627\u0631\u0627\u062a \u0627\u0644\u062e\u0628\u0631\u0627\u0621\u060c \u062a\u062f\u0631\u064a\u0628\u0627\u062a \u0645\u062a\u062e\u0635\u0635\u0629\u060c \u0648\u0641\u0631\u0635 \u0627\u0644\u062a\u0634\u0628\u064a\u0643\u060c \u0648\u0647\u064a \u062c\u0645\u064a\u0639\u0647\u0627 \u0623\u062f\u0648\u0627\u062a \u0641\u0627\u0639\u0644\u0629 \u0644\u062a\u062d\u0648\u064a\u0644\n\u0627\u0644\u0623\u0641\u0643\u0627\u0631 \u0625\u0644\u0649 \u0645\u0634\u0627\u0631\u064a\u0639 \u0645\u0644\u0645\u0648\u0633\u0629 \u0648\u0645\u0633\u062a\u062f\u0627\u0645\u0629.<\/p><p>\u0633\u0648\u0627\u0621 \u0643\u0646\u062a\u0645 \u0641\u064a \u0645\u0631\u062d\u0644\u0629 \u0627\u0644\u0641\u0643\u0631\u0629 \u0623\u0648 \u0641\u064a \u0637\u0648\u0631 \u0627\u0644\u062a\u0648\u0633\u0639\u060c \u0646\u062d\u0646 \u0646\u0648\u0627\u0643\u0628\u0643\u0645 \u0641\u064a \u0643\u0644 \u062e\u0637\u0648\u0629 \u0639\u0628\u0631 \u062d\u0644\u0648\u0644 \u0645\u0635\u0645\u0645\u0629 \u062e\u0635\u064a\u0635\u064b\u0627 \u0644\u062a\u0646\u0627\u0633\u0628 \u0637\u0645\u0648\u062d\u0627\u062a\u0643\u0645.\n\u0645\u0633\u062a\u0648\u062d\u0627\u0629 \u0645\u0646 \u0631\u0624\u064a\u0629 \u062a\u0646\u0645\u0648\u064a\u0629 \u0634\u0627\u0645\u0644\u0629 \u0648\u0645\u0633\u062a\u062f\u0627\u0645\u0629\u060c \u062a\u0647\u062f\u0641 \u0647\u0630\u0647 \u0627\u0644\u0645\u0628\u0627\u062f\u0631\u0629 \u0625\u0644\u0649 \u062a\u062d\u0641\u064a\u0632 \u0627\u0644\u0627\u0628\u062a\u0643\u0627\u0631 \u0648\u062a\u0639\u0632\u064a\u0632 \u0631\u064a\u0627\u062f\u0629 \u0627\u0644\u0623\u0639\u0645\u0627\u0644 \u0641\u064a \u0645\u062e\u062a\u0644\u0641 \u0623\u0646\u062d\u0627\u0621 \u0627\u0644\u062c\u0647\u0629.<\/p>\t\t\t\t\t\t\t\t<\/div>\n\t\t\t\t<\/div>\n\t\t\t\t<\/div>\n\t\t\t\t\t<\/div>\n\t\t\t\t<\/div>\n\t\t\t\t<\/div>","protected":false},"excerpt":{"rendered":"<p>\u00c0 propos La plateforme\u00a0\u00ab\u00a0Najah Entrepreneurs\u00a0\u00bb\u00a0fruit d\u2019un partenariat strat\u00e9gique entre la Wilaya de la r\u00e9gion Dr\u00e2a-Tafilalet, le Conseil de la R\u00e9gion Dr\u00e2a-Tafilalet et le Centre R\u00e9gional d\u2019Investissement Dr\u00e2a-Tafilalet et les principaux acteurs de l\u2019\u00e9cosyst\u00e8me entrepreneurial r\u00e9gional. Gr\u00e2ce \u00e0 l\u2019implication de ces partenaires, nous mettons \u00e0 disposition des entrepreneurs un accompagnement complet. Conseils d\u2019experts, formations cibl\u00e9es et [&hellip;]<\/p>","protected":false},"author":1,"featured_media":0,"parent":0,"menu_order":0,"comment_status":"closed","ping_status":"closed","template":"elementor_header_footer","meta":{"footnotes":""},"class_list":["post-45","page","type-page","status-publish","hentry"],"_links":{"self":[{"href":"https:\/\/najahentrepreneurs.ma\/ar\/wp-json\/wp\/v2\/pages\/45","targetHints":{"allow":["GET"]}}],"collection":[{"href":"https:\/\/najahentrepreneurs.ma\/ar\/wp-json\/wp\/v2\/pages"}],"about":[{"href":"https:\/\/najahentrepreneurs.ma\/ar\/wp-json\/wp\/v2\/types\/page"}],"author":[{"embeddable":true,"href":"https:\/\/najahentrepreneurs.ma\/ar\/wp-json\/wp\/v2\/users\/1"}],"replies":[{"embeddable":true,"href":"https:\/\/najahentrepreneurs.ma\/ar\/wp-json\/wp\/v2\/comments?post=45"}],"version-history":[{"count":26,"href":"https:\/\/najahentrepreneurs.ma\/ar\/wp-json\/wp\/v2\/pages\/45\/revisions"}],"predecessor-version":[{"id":425,"href":"https:\/\/najahentrepreneurs.ma\/ar\/wp-json\/wp\/v2\/pages\/45\/revisions\/425"}],"wp:attachment":[{"href":"https:\/\/najahentrepreneurs.ma\/ar\/wp-json\/wp\/v2\/media?parent=45"}],"curies":[{"name":"wp","href":"https:\/\/api.w.org\/{rel}","templated":true}]}}