{"id":45,"date":"2024-12-20T14:04:28","date_gmt":"2024-12-20T14:04:28","guid":{"rendered":"http:\/\/localhost:8010\/?page_id=45"},"modified":"2025-03-11T12:13:04","modified_gmt":"2025-03-11T11:13:04","slug":"about","status":"publish","type":"page","link":"https:\/\/najahentrepreneurs.ma\/en\/about\/","title":{"rendered":"About"},"content":{"rendered":"<div data-elementor-type=\"wp-page\" data-elementor-id=\"45\" class=\"elementor elementor-45\" data-elementor-post-type=\"page\">\n\t\t\t\t<div class=\"elementor-element elementor-element-2da27fb e-con-full e-flex e-con e-parent\" data-id=\"2da27fb\" data-element_type=\"container\">\n\t\t\t\t<div class=\"elementor-element elementor-element-04f42f1 elementor-widget elementor-widget-image\" data-id=\"04f42f1\" data-element_type=\"widget\" data-widget_type=\"image.default\">\n\t\t\t\t<div class=\"elementor-widget-container\">\n\t\t\t\t\t\t\t\t\t\t\t\t\t\t\t\t<a href=\"https:\/\/najahentrepreneurs.ma\/en\">\n\t\t\t\t\t\t\t<img fetchpriority=\"high\" decoding=\"async\" width=\"3254\" height=\"1027\" src=\"https:\/\/najahentrepreneurs.ma\/wp-content\/uploads\/2024\/12\/Fichier-1@4x-1.png\" class=\"attachment-full size-full wp-image-138\" alt=\"\" srcset=\"https:\/\/najahentrepreneurs.ma\/wp-content\/uploads\/2024\/12\/Fichier-1@4x-1.png 3254w, https:\/\/najahentrepreneurs.ma\/wp-content\/uploads\/2024\/12\/Fichier-1@4x-1-300x95.png 300w, https:\/\/najahentrepreneurs.ma\/wp-content\/uploads\/2024\/12\/Fichier-1@4x-1-1024x323.png 1024w, https:\/\/najahentrepreneurs.ma\/wp-content\/uploads\/2024\/12\/Fichier-1@4x-1-768x242.png 768w, https:\/\/najahentrepreneurs.ma\/wp-content\/uploads\/2024\/12\/Fichier-1@4x-1-1536x485.png 1536w, https:\/\/najahentrepreneurs.ma\/wp-content\/uploads\/2024\/12\/Fichier-1@4x-1-2048x646.png 2048w\" sizes=\"(max-width: 3254px) 100vw, 3254px\" \/>\t\t\t\t\t\t\t\t<\/a>\n\t\t\t\t\t\t\t\t\t\t\t\t\t\t\t<\/div>\n\t\t\t\t<\/div>\n\t\t\t\t<\/div>\n\t\t<div class=\"elementor-element elementor-element-f891923 e-flex e-con-boxed e-con e-parent\" data-id=\"f891923\" data-element_type=\"container\">\n\t\t\t\t\t<div class=\"e-con-inner\">\n\t\t\t\t<div class=\"elementor-element elementor-element-546282e elementor-widget-divider--view-line elementor-widget elementor-widget-divider\" data-id=\"546282e\" data-element_type=\"widget\" data-widget_type=\"divider.default\">\n\t\t\t\t<div class=\"elementor-widget-container\">\n\t\t\t\t\t\t\t<div class=\"elementor-divider\">\n\t\t\t<span class=\"elementor-divider-separator\">\n\t\t\t\t\t\t<\/span>\n\t\t<\/div>\n\t\t\t\t\t\t<\/div>\n\t\t\t\t<\/div>\n\t\t\t\t\t<\/div>\n\t\t\t\t<\/div>\n\t\t<div class=\"elementor-element elementor-element-099c5d0 e-flex e-con-boxed e-con e-parent\" data-id=\"099c5d0\" data-element_type=\"container\">\n\t\t\t\t\t<div class=\"e-con-inner\">\n\t\t<div class=\"elementor-element elementor-element-703ed1e e-con-full e-flex e-con e-child\" data-id=\"703ed1e\" data-element_type=\"container\">\n\t\t\t\t<div class=\"elementor-element elementor-element-62d90a0 elementor-widget elementor-widget-heading\" data-id=\"62d90a0\" data-element_type=\"widget\" data-widget_type=\"heading.default\">\n\t\t\t\t<div class=\"elementor-widget-container\">\n\t\t\t\t\t<h2 class=\"elementor-heading-title elementor-size-default\">About<\/h2>\t\t\t\t<\/div>\n\t\t\t\t<\/div>\n\t\t\t\t<div class=\"elementor-element elementor-element-3770dc4 elementor-widget__width-inherit elementor-view-default elementor-widget elementor-widget-icon\" data-id=\"3770dc4\" data-element_type=\"widget\" data-widget_type=\"icon.default\">\n\t\t\t\t<div class=\"elementor-widget-container\">\n\t\t\t\t\t\t\t<div class=\"elementor-icon-wrapper\">\n\t\t\t<div class=\"elementor-icon\">\n\t\t\t<svg aria-hidden=\"true\" class=\"e-font-icon-svg e-fas-grip-lines\" viewbox=\"0 0 512 512\" xmlns=\"http:\/\/www.w3.org\/2000\/svg\"><path d=\"M496 288H16c-8.8 0-16 7.2-16 16v32c0 8.8 7.2 16 16 16h480c8.8 0 16-7.2 16-16v-32c0-8.8-7.2-16-16-16zm0-128H16c-8.8 0-16 7.2-16 16v32c0 8.8 7.2 16 16 16h480c8.8 0 16-7.2 16-16v-32c0-8.8-7.2-16-16-16z\"><\/path><\/svg>\t\t\t<\/div>\n\t\t<\/div>\n\t\t\t\t\t\t<\/div>\n\t\t\t\t<\/div>\n\t\t\t\t<div class=\"elementor-element elementor-element-b16731c elementor-widget elementor-widget-text-editor\" data-id=\"b16731c\" data-element_type=\"widget\" data-widget_type=\"text-editor.default\">\n\t\t\t\t<div class=\"elementor-widget-container\">\n\t\t\t\t\t\t\t\t\t<p class=\"translation-block\">The \u2018Najah Entrepreneurs\u2019 platform is the result of a strategic partnership between the\nWilaya of the Dr\u00e2a-Tafilalet region, the Regional Council of Dr\u00e2a-Tafilalet, the Regional\nInvestment Center of Dr\u00e2a-Tafilalet, and key stakeholders in the regional entrepreneurial\necosystem. Thanks to the involvement of these partners, we provide entrepreneurs with\ncomprehensive support. Expert advice, targeted training, and networking opportunities are\nkey drivers mobilized to turn ideas into concrete and sustainable projects.<\/p><p>Whether you are at the ideation stage or in a phase of growth, we support you at every step\nwith solutions tailored to your ambitions. Driven by a vision of inclusive and sustainable\nterritorial development, this initiative aims to foster innovation and entrepreneurship\nthroughout the region.<\/p>\t\t\t\t\t\t\t\t<\/div>\n\t\t\t\t<\/div>\n\t\t\t\t<\/div>\n\t\t\t\t\t<\/div>\n\t\t\t\t<\/div>\n\t\t\t\t<\/div>","protected":false},"excerpt":{"rendered":"<p>\u00c0 propos La plateforme\u00a0\u00ab\u00a0Najah Entrepreneurs\u00a0\u00bb\u00a0fruit d\u2019un partenariat strat\u00e9gique entre la Wilaya de la r\u00e9gion Dr\u00e2a-Tafilalet, le Conseil de la R\u00e9gion Dr\u00e2a-Tafilalet et le Centre R\u00e9gional d\u2019Investissement Dr\u00e2a-Tafilalet et les principaux acteurs de l\u2019\u00e9cosyst\u00e8me entrepreneurial r\u00e9gional. Gr\u00e2ce \u00e0 l\u2019implication de ces partenaires, nous mettons \u00e0 disposition des entrepreneurs un accompagnement complet. Conseils d\u2019experts, formations cibl\u00e9es et [&hellip;]<\/p>","protected":false},"author":1,"featured_media":0,"parent":0,"menu_order":0,"comment_status":"closed","ping_status":"closed","template":"elementor_header_footer","meta":{"footnotes":""},"class_list":["post-45","page","type-page","status-publish","hentry"],"_links":{"self":[{"href":"https:\/\/najahentrepreneurs.ma\/en\/wp-json\/wp\/v2\/pages\/45","targetHints":{"allow":["GET"]}}],"collection":[{"href":"https:\/\/najahentrepreneurs.ma\/en\/wp-json\/wp\/v2\/pages"}],"about":[{"href":"https:\/\/najahentrepreneurs.ma\/en\/wp-json\/wp\/v2\/types\/page"}],"author":[{"embeddable":true,"href":"https:\/\/najahentrepreneurs.ma\/en\/wp-json\/wp\/v2\/users\/1"}],"replies":[{"embeddable":true,"href":"https:\/\/najahentrepreneurs.ma\/en\/wp-json\/wp\/v2\/comments?post=45"}],"version-history":[{"count":26,"href":"https:\/\/najahentrepreneurs.ma\/en\/wp-json\/wp\/v2\/pages\/45\/revisions"}],"predecessor-version":[{"id":425,"href":"https:\/\/najahentrepreneurs.ma\/en\/wp-json\/wp\/v2\/pages\/45\/revisions\/425"}],"wp:attachment":[{"href":"https:\/\/najahentrepreneurs.ma\/en\/wp-json\/wp\/v2\/media?parent=45"}],"curies":[{"name":"wp","href":"https:\/\/api.w.org\/{rel}","templated":true}]}}